{"id":2542,"date":"2023-12-18T19:28:56","date_gmt":"2023-12-19T03:28:56","guid":{"rendered":"https:\/\/claudianoriegabernstein.com\/?post_type=product&#038;p=2542"},"modified":"2024-10-01T09:49:56","modified_gmt":"2024-10-01T16:49:56","slug":"secrets-dont-include-mom-valentina-and-her-white-elephant","status":"publish","type":"product","link":"https:\/\/claudianoriegabernstein.com\/es\/product\/secrets-dont-include-mom-valentina-and-her-white-elephant\/","title":{"rendered":"Valentina y su Elefante Blanco: Los secretos no incluyen a mam\u00e1"},"content":{"rendered":"<p>Ver c\u00f3mo su amigo Peter era acosado por ni\u00f1os mayores entristec\u00eda y preocupaba a Valentina.<\/p>\n<p>Esos chicos le estaban presionando y le dijeron a Valentina que no pod\u00eda cont\u00e1rselo a nadie porque \u00a1es un secreto! Los ni\u00f1os luchan con la \u00e9tica en torno a los \"secretos\". En este cuento, Lucy explica a Valentina la diferencia entre un secreto bueno y un secreto malo. Los buenos secretos son cosas divertidas, como las fiestas sorpresa, pero los malos secretos son cosas que pueden hacer da\u00f1o a alguien.<\/p>\n<p>Conocer la diferencia ayudar\u00e1 a tu hijo a tener el valor de abrirse contigo, pero si no est\u00e1 seguro, saber que los secretos no incluyen a mam\u00e1, o a un adulto seguro y de confianza, le animar\u00e1 a abrirse cuando est\u00e9 atravesando circunstancias que podr\u00edan no hacerle sentir c\u00f3modo.<\/p>\n<p>Utilizo la analog\u00eda del gran elefante blanco en la habitaci\u00f3n como algo de lo que nadie quiere hablar; el libro est\u00e1 escrito de una forma que ayuda a los ni\u00f1os a entender y superar temas complicados.<\/p>\n<p>\"Los secretos no incluyen a las madres\" forma parte de una serie de libros que abordan temas complejos para los ni\u00f1os, como el divorcio, la muerte y los secretos.<\/p>\n<p>Se trata de libros infantiles \u00fanicos que ayudar\u00edan a las familias a afrontar temas o circunstancias dif\u00edciles, a saber c\u00f3mo hablar con sus hijos y a utilizar las pistas para mantener conversaciones abiertas, en este caso, sobre la separaci\u00f3n y el divorcio de los padres.<\/p>","protected":false},"excerpt":{"rendered":"<p>Ver c\u00f3mo su amigo Peter era acosado por ni\u00f1os mayores entristec\u00eda y preocupaba a Valentina.<\/p>\n<p>Esos chicos le estaban presionando y le dijeron a Valentina que no pod\u00eda cont\u00e1rselo a nadie porque \u00a1es un secreto! Los ni\u00f1os luchan con la \u00e9tica en torno a los \"secretos\". En este cuento, Lucy explica a Valentina la diferencia entre un secreto bueno y un secreto malo. Los buenos secretos son cosas divertidas, como las fiestas sorpresa, pero los malos secretos son cosas que pueden hacer da\u00f1o a alguien.<\/p>\n<p>Conocer la diferencia ayudar\u00e1 a tu hijo a tener el valor de abrirse contigo, pero si no est\u00e1 seguro, saber que los secretos no incluyen a mam\u00e1, o a un adulto seguro y de confianza, le animar\u00e1 a abrirse cuando est\u00e9 atravesando circunstancias que podr\u00edan no hacerle sentir c\u00f3modo.<\/p>\n<p>Utilizo la analog\u00eda del gran elefante blanco en la habitaci\u00f3n como algo de lo que nadie quiere hablar; el libro est\u00e1 escrito de una forma que ayuda a los ni\u00f1os a entender y superar temas complicados.<\/p>\n<p>\"Los secretos no incluyen a las madres\" forma parte de una serie de libros que abordan temas complejos para los ni\u00f1os, como el divorcio, la muerte y los secretos.<\/p>\n<p>Se trata de libros infantiles \u00fanicos que ayudar\u00edan a las familias a afrontar temas o circunstancias dif\u00edciles, a saber c\u00f3mo hablar con sus hijos y a utilizar las pistas para mantener conversaciones abiertas, en este caso, sobre la separaci\u00f3n y el divorcio de los padres.<\/p>","protected":false},"featured_media":2661,"comment_status":"open","ping_status":"closed","template":"","meta":{"_acf_changed":false,"nf_dc_page":"","_eb_attr":"","om_disable_all_campaigns":false,"_monsterinsights_skip_tracking":false,"_monsterinsights_sitenote_active":false,"_monsterinsights_sitenote_note":"","_monsterinsights_sitenote_category":0,"_uf_show_specific_survey":0,"_uf_disable_surveys":false},"product_brand":[],"product_cat":[25],"product_tag":[],"class_list":{"0":"post-2542","1":"product","2":"type-product","3":"status-publish","4":"has-post-thumbnail","6":"product_cat-books","8":"first","9":"instock","10":"taxable","11":"shipping-taxable","12":"purchasable","13":"product-type-simple"},"acf":[],"aioseo_notices":[],"_links":{"self":[{"href":"https:\/\/claudianoriegabernstein.com\/es\/wp-json\/wp\/v2\/product\/2542","targetHints":{"allow":["GET"]}}],"collection":[{"href":"https:\/\/claudianoriegabernstein.com\/es\/wp-json\/wp\/v2\/product"}],"about":[{"href":"https:\/\/claudianoriegabernstein.com\/es\/wp-json\/wp\/v2\/types\/product"}],"replies":[{"embeddable":true,"href":"https:\/\/claudianoriegabernstein.com\/es\/wp-json\/wp\/v2\/comments?post=2542"}],"wp:featuredmedia":[{"embeddable":true,"href":"https:\/\/claudianoriegabernstein.com\/es\/wp-json\/wp\/v2\/media\/2661"}],"wp:attachment":[{"href":"https:\/\/claudianoriegabernstein.com\/es\/wp-json\/wp\/v2\/media?parent=2542"}],"wp:term":[{"taxonomy":"product_brand","embeddable":true,"href":"https:\/\/claudianoriegabernstein.com\/es\/wp-json\/wp\/v2\/product_brand?post=2542"},{"taxonomy":"product_cat","embeddable":true,"href":"https:\/\/claudianoriegabernstein.com\/es\/wp-json\/wp\/v2\/product_cat?post=2542"},{"taxonomy":"product_tag","embeddable":true,"href":"https:\/\/claudianoriegabernstein.com\/es\/wp-json\/wp\/v2\/product_tag?post=2542"}],"curies":[{"name":"wp","href":"https:\/\/api.w.org\/{rel}","templated":true}]}}