{"id":2287,"date":"2023-11-15T22:52:25","date_gmt":"2023-11-15T22:52:25","guid":{"rendered":"https:\/\/213-255-247-70.cloud-xip.com\/?post_type=product&#038;p=2287"},"modified":"2024-01-06T10:37:35","modified_gmt":"2024-01-06T18:37:35","slug":"where-did-grandma-go-valentina-and-her-white-elephant","status":"publish","type":"product","link":"https:\/\/claudianoriegabernstein.com\/es\/product\/where-did-grandma-go-valentina-and-her-white-elephant\/","title":{"rendered":"\u00bfAd\u00f3nde ha ido la abuela? (Valentina y su elefante blanco)"},"content":{"rendered":"<p><span class=\"a-text-bold\">C\u00f3mo hablar del DUELO con sus hijos<\/span><\/p>\n<p>La p\u00e9rdida de un familiar puede ser una experiencia muy confusa y dolorosa para un ni\u00f1o. Valentina no es diferente. Le encantaba pasar tiempo con su abuela. Un d\u00eda, mam\u00e1 tiene que explicarle que la abuela ha fallecido, y Valentina tiene muchas preguntas: \"\u00bfAd\u00f3nde ha ido Nana?\" \"\u00bfVa a volver?\" \"\u00bfPodemos ir nosotros tambi\u00e9n?\". <span class=\"a-text-bold\">Valentina aprende en esta historia que est\u00e1 bien estar triste, llorar y echar de menos a la persona que ha fallecido.<\/span>. Y con la ayuda de su amigo elefante, es capaz de llegar a comprender que aunque su abuela no est\u00e9 a la vista, siempre estar\u00e1 a su lado, en su coraz\u00f3n y en sus recuerdos.<\/p>\n<p><span class=\"a-text-bold\">\"\u00bfAd\u00f3nde ha ido la abuela?\"<\/span> forma parte de una serie de libros que abordan temas complejos para los ni\u00f1os, como el divorcio, el duelo y los secretos.<\/p>","protected":false},"excerpt":{"rendered":"<p><span class=\"a-text-bold\">C\u00f3mo hablar del DUELO con sus hijos<\/span><\/p>\n<p>La p\u00e9rdida de un familiar puede ser una experiencia muy confusa y dolorosa para un ni\u00f1o. Valentina no es diferente. Le encantaba pasar tiempo con su abuela. Un d\u00eda, mam\u00e1 tiene que explicarle que la abuela ha fallecido, y Valentina tiene muchas preguntas: \"\u00bfAd\u00f3nde ha ido Nana?\" \"\u00bfVa a volver?\" \"\u00bfPodemos ir nosotros tambi\u00e9n?\". <span class=\"a-text-bold\">Valentina aprende en esta historia que est\u00e1 bien estar triste, llorar y echar de menos a la persona que ha fallecido.<\/span>. Y con la ayuda de su amigo elefante, es capaz de llegar a comprender que aunque su abuela no est\u00e9 a la vista, siempre estar\u00e1 a su lado, en su coraz\u00f3n y en sus recuerdos.<\/p>\n<p><span class=\"a-text-bold\">\"\u00bfAd\u00f3nde ha ido la abuela?\"<\/span> forma parte de una serie de libros que abordan temas complejos para los ni\u00f1os, como el divorcio, el duelo y los secretos.<\/p>","protected":false},"featured_media":2663,"comment_status":"closed","ping_status":"closed","template":"","meta":{"_acf_changed":false,"nf_dc_page":"","_eb_attr":"","om_disable_all_campaigns":false,"_monsterinsights_skip_tracking":false,"_monsterinsights_sitenote_active":false,"_monsterinsights_sitenote_note":"","_monsterinsights_sitenote_category":0,"_uf_show_specific_survey":0,"_uf_disable_surveys":false},"product_brand":[],"product_cat":[25],"product_tag":[],"class_list":{"0":"post-2287","1":"product","2":"type-product","3":"status-publish","4":"has-post-thumbnail","6":"product_cat-books","8":"first","9":"instock","10":"taxable","11":"shipping-taxable","12":"purchasable","13":"product-type-simple"},"acf":[],"aioseo_notices":[],"_links":{"self":[{"href":"https:\/\/claudianoriegabernstein.com\/es\/wp-json\/wp\/v2\/product\/2287","targetHints":{"allow":["GET"]}}],"collection":[{"href":"https:\/\/claudianoriegabernstein.com\/es\/wp-json\/wp\/v2\/product"}],"about":[{"href":"https:\/\/claudianoriegabernstein.com\/es\/wp-json\/wp\/v2\/types\/product"}],"replies":[{"embeddable":true,"href":"https:\/\/claudianoriegabernstein.com\/es\/wp-json\/wp\/v2\/comments?post=2287"}],"wp:featuredmedia":[{"embeddable":true,"href":"https:\/\/claudianoriegabernstein.com\/es\/wp-json\/wp\/v2\/media\/2663"}],"wp:attachment":[{"href":"https:\/\/claudianoriegabernstein.com\/es\/wp-json\/wp\/v2\/media?parent=2287"}],"wp:term":[{"taxonomy":"product_brand","embeddable":true,"href":"https:\/\/claudianoriegabernstein.com\/es\/wp-json\/wp\/v2\/product_brand?post=2287"},{"taxonomy":"product_cat","embeddable":true,"href":"https:\/\/claudianoriegabernstein.com\/es\/wp-json\/wp\/v2\/product_cat?post=2287"},{"taxonomy":"product_tag","embeddable":true,"href":"https:\/\/claudianoriegabernstein.com\/es\/wp-json\/wp\/v2\/product_tag?post=2287"}],"curies":[{"name":"wp","href":"https:\/\/api.w.org\/{rel}","templated":true}]}}