{"id":2286,"date":"2023-11-15T22:52:25","date_gmt":"2023-11-15T22:52:25","guid":{"rendered":"https:\/\/213-255-247-70.cloud-xip.com\/?post_type=product&#038;p=2286"},"modified":"2024-01-06T10:41:58","modified_gmt":"2024-01-06T18:41:58","slug":"all-families-are-not-the-same-how-to-talk-to-your-kids-about-divorce-valentina-and-her-white-elephant","status":"publish","type":"product","link":"https:\/\/claudianoriegabernstein.com\/es\/product\/all-families-are-not-the-same-how-to-talk-to-your-kids-about-divorce-valentina-and-her-white-elephant\/","title":{"rendered":"No todas las familias son iguales: c\u00f3mo hablar del divorcio con los hijos (Valentina y su elefante blanco)"},"content":{"rendered":"<div id=\"bookDescription_feature_div\" class=\"celwidget\" data-feature-name=\"bookDescription\" data-csa-c-type=\"widget\" data-csa-c-content-id=\"bookDescription\" data-csa-c-slot-id=\"bookDescription_feature_div\" data-csa-c-asin=\"B0BVDRFXV2\" data-csa-c-is-in-initial-active-row=\"false\" data-csa-c-id=\"ibeke3-zgkl8z-r8ll43-p2t6pp\" data-cel-widget=\"bookDescription_feature_div\">\n<div class=\"a-expander-collapsed-height a-row a-expander-container a-spacing-base a-expander-partial-collapse-container\" data-a-expander-name=\"book_description_expander\" data-a-expander-collapsed-height=\"140\">\n<div class=\"a-expander-content a-expander-partial-collapse-content a-expander-content-expanded\" aria-expanded=\"true\">\n<p>En este libro, Valentina se entera de que sus padres se van a divorciar. Valentina comparte sus sentimientos y miedos con Lucy y, con su ayuda, comprende que, pase lo que pase, sus padres siempre la querr\u00e1n, qu\u00e9 esperar despu\u00e9s del divorcio y que NO es culpa suya.<\/p>\n<p>Las familias pueden vivir en casas distintas o tener din\u00e1micas diferentes, pero eso no significa que dejen de ser una familia.<\/p>\n<p>Utilizo la analog\u00eda del gran elefante blanco en la habitaci\u00f3n como algo de lo que nadie quiere hablar; el libro est\u00e1 escrito de una forma que ayuda a los ni\u00f1os a entender y superar temas complicados.<\/p>\n<p>\"No todas las familias son iguales\" forma parte de una serie de libros que tocan temas complejos para los ni\u00f1os, como el divorcio, la muerte y los secretos.<\/p>\n<p>Se trata de libros infantiles \u00fanicos que ayudar\u00edan a las familias a afrontar temas o circunstancias dif\u00edciles, a saber c\u00f3mo hablar con sus hijos y a utilizar las pistas para mantener conversaciones abiertas, en este caso, sobre la separaci\u00f3n y el divorcio de los padres.<\/p>\n<\/div>\n<div class=\"a-expander-header a-expander-partial-collapse-header\"><\/div>\n<\/div>\n<\/div>","protected":false},"excerpt":{"rendered":"<p>En este libro, Valentina se entera de que sus padres se van a divorciar. Valentina comparte sus sentimientos y miedos con Lucy y, con su ayuda, comprende que, pase lo que pase, sus padres siempre la querr\u00e1n, qu\u00e9 esperar despu\u00e9s del divorcio y que NO es culpa suya.<\/p>\n<p>Las familias pueden vivir en casas distintas o tener din\u00e1micas diferentes, pero eso no significa que dejen de ser una familia.<\/p>\n<p>Utilizo la analog\u00eda del gran elefante blanco en la habitaci\u00f3n como algo de lo que nadie quiere hablar; el libro est\u00e1 escrito de una forma que ayuda a los ni\u00f1os a entender y superar temas complicados.<\/p>\n<p>\"No todas las familias son iguales\" forma parte de una serie de libros que tocan temas complejos para los ni\u00f1os, como el divorcio, la muerte y los secretos.<\/p>\n<p>Se trata de libros infantiles \u00fanicos que ayudar\u00edan a las familias a afrontar temas o circunstancias dif\u00edciles, a saber c\u00f3mo hablar con sus hijos y a utilizar las pistas para mantener conversaciones abiertas, en este caso, sobre la separaci\u00f3n y el divorcio de los padres.<\/p>","protected":false},"featured_media":2666,"comment_status":"closed","ping_status":"closed","template":"","meta":{"_acf_changed":false,"nf_dc_page":"","_eb_attr":"","om_disable_all_campaigns":false,"_monsterinsights_skip_tracking":false,"_monsterinsights_sitenote_active":false,"_monsterinsights_sitenote_note":"","_monsterinsights_sitenote_category":0,"_uf_show_specific_survey":0,"_uf_disable_surveys":false},"product_brand":[],"product_cat":[25],"product_tag":[],"class_list":{"0":"post-2286","1":"product","2":"type-product","3":"status-publish","4":"has-post-thumbnail","6":"product_cat-books","8":"first","9":"instock","10":"taxable","11":"shipping-taxable","12":"purchasable","13":"product-type-simple"},"acf":[],"aioseo_notices":[],"_links":{"self":[{"href":"https:\/\/claudianoriegabernstein.com\/es\/wp-json\/wp\/v2\/product\/2286","targetHints":{"allow":["GET"]}}],"collection":[{"href":"https:\/\/claudianoriegabernstein.com\/es\/wp-json\/wp\/v2\/product"}],"about":[{"href":"https:\/\/claudianoriegabernstein.com\/es\/wp-json\/wp\/v2\/types\/product"}],"replies":[{"embeddable":true,"href":"https:\/\/claudianoriegabernstein.com\/es\/wp-json\/wp\/v2\/comments?post=2286"}],"wp:featuredmedia":[{"embeddable":true,"href":"https:\/\/claudianoriegabernstein.com\/es\/wp-json\/wp\/v2\/media\/2666"}],"wp:attachment":[{"href":"https:\/\/claudianoriegabernstein.com\/es\/wp-json\/wp\/v2\/media?parent=2286"}],"wp:term":[{"taxonomy":"product_brand","embeddable":true,"href":"https:\/\/claudianoriegabernstein.com\/es\/wp-json\/wp\/v2\/product_brand?post=2286"},{"taxonomy":"product_cat","embeddable":true,"href":"https:\/\/claudianoriegabernstein.com\/es\/wp-json\/wp\/v2\/product_cat?post=2286"},{"taxonomy":"product_tag","embeddable":true,"href":"https:\/\/claudianoriegabernstein.com\/es\/wp-json\/wp\/v2\/product_tag?post=2286"}],"curies":[{"name":"wp","href":"https:\/\/api.w.org\/{rel}","templated":true}]}}