{"id":2283,"date":"2023-11-15T22:52:25","date_gmt":"2023-11-15T22:52:25","guid":{"rendered":"https:\/\/213-255-247-70.cloud-xip.com\/?post_type=product&#038;p=2283"},"modified":"2024-01-06T10:36:24","modified_gmt":"2024-01-06T18:36:24","slug":"i-dont-shrink-to-fit","status":"publish","type":"product","link":"https:\/\/claudianoriegabernstein.com\/es\/product\/i-dont-shrink-to-fit\/","title":{"rendered":"NO ME ENCOJO PARA ENCAJAR"},"content":{"rendered":"<div class=\"elementor-element elementor-element-4dc27e1 elementor-widget elementor-widget-heading\" data-id=\"4dc27e1\" data-element_type=\"widget\" data-widget_type=\"heading.default\">\n<div class=\"elementor-widget-container\">\n<h1 id=\"title\" class=\"a-spacing-none a-text-normal\"><span id=\"productTitle\" class=\"a-size-extra-large\">NO ME ENCOJO PARA ENCAJAR<\/span><\/h1>\n<\/div>\n<\/div>\n<div class=\"elementor-element elementor-element-37f4d71 elementor-widget elementor-widget-text-editor\" data-id=\"37f4d71\" data-element_type=\"widget\" data-widget_type=\"text-editor.default\">\n<div class=\"elementor-widget-container\">\n<div class=\"elementor-text-editor elementor-clearfix\">\n<p>Este diario te ayudar\u00e1 a centrarte en lo mejor de cada d\u00eda, te ayudar\u00e1 a dar los pasos que necesitas para alcanzar tus objetivos y tu visi\u00f3n, un d\u00eda a la vez, y te permitir\u00e1 volver atr\u00e1s d\u00edas o semanas y ver tus entradas en la secci\u00f3n inferior y recordar \"lo mejor de hoy\", especialmente en esos d\u00edas no tan buenos en los que nos sentimos deca\u00eddos.<br \/>\nY \u00a1s\u00ed! Todos tenemos esos d\u00edas, pero t\u00fa eres poderosa e incluso en esos d\u00edas sigues siendo poderosa.<\/p>\n<\/div>\n<\/div>\n<\/div>","protected":false},"excerpt":{"rendered":"<div class=\"elementor-element elementor-element-4dc27e1 elementor-widget elementor-widget-heading\" data-id=\"4dc27e1\" data-element_type=\"widget\" data-widget_type=\"heading.default\">\n<div class=\"elementor-widget-container\">\n<h1 id=\"title\" class=\"a-spacing-none a-text-normal\"><span id=\"productTitle\" class=\"a-size-extra-large\">NO ME ENCOJO PARA ENCAJAR<\/span><\/h1>\n<\/div>\n<\/div>\n<div class=\"elementor-element elementor-element-37f4d71 elementor-widget elementor-widget-text-editor\" data-id=\"37f4d71\" data-element_type=\"widget\" data-widget_type=\"text-editor.default\">\n<div class=\"elementor-widget-container\">\n<div class=\"elementor-text-editor elementor-clearfix\">\n<p>Este diario te ayudar\u00e1 a centrarte en lo mejor de cada d\u00eda, te ayudar\u00e1 a dar los pasos que necesitas para alcanzar tus objetivos y tu visi\u00f3n, un d\u00eda a la vez, y te permitir\u00e1 volver atr\u00e1s d\u00edas o semanas y ver tus entradas en la secci\u00f3n inferior y recordar \"lo mejor de hoy\", especialmente en esos d\u00edas no tan buenos en los que nos sentimos deca\u00eddos.<br \/>\nY \u00a1s\u00ed! Todos tenemos esos d\u00edas, pero t\u00fa eres poderosa e incluso en esos d\u00edas sigues siendo poderosa.<\/p>\n<\/div>\n<\/div>\n<\/div>","protected":false},"featured_media":2658,"comment_status":"closed","ping_status":"closed","template":"","meta":{"_acf_changed":false,"nf_dc_page":"","_eb_attr":"","om_disable_all_campaigns":false,"_monsterinsights_skip_tracking":false,"_monsterinsights_sitenote_active":false,"_monsterinsights_sitenote_note":"","_monsterinsights_sitenote_category":0,"_uf_show_specific_survey":0,"_uf_disable_surveys":false},"product_brand":[],"product_cat":[25,57],"product_tag":[],"class_list":{"0":"post-2283","1":"product","2":"type-product","3":"status-publish","4":"has-post-thumbnail","6":"product_cat-books","7":"product_cat-merchandise","8":"product_shipping_class-book","10":"first","11":"instock","12":"taxable","13":"shipping-taxable","14":"purchasable","15":"product-type-simple"},"acf":[],"aioseo_notices":[],"_links":{"self":[{"href":"https:\/\/claudianoriegabernstein.com\/es\/wp-json\/wp\/v2\/product\/2283","targetHints":{"allow":["GET"]}}],"collection":[{"href":"https:\/\/claudianoriegabernstein.com\/es\/wp-json\/wp\/v2\/product"}],"about":[{"href":"https:\/\/claudianoriegabernstein.com\/es\/wp-json\/wp\/v2\/types\/product"}],"replies":[{"embeddable":true,"href":"https:\/\/claudianoriegabernstein.com\/es\/wp-json\/wp\/v2\/comments?post=2283"}],"wp:featuredmedia":[{"embeddable":true,"href":"https:\/\/claudianoriegabernstein.com\/es\/wp-json\/wp\/v2\/media\/2658"}],"wp:attachment":[{"href":"https:\/\/claudianoriegabernstein.com\/es\/wp-json\/wp\/v2\/media?parent=2283"}],"wp:term":[{"taxonomy":"product_brand","embeddable":true,"href":"https:\/\/claudianoriegabernstein.com\/es\/wp-json\/wp\/v2\/product_brand?post=2283"},{"taxonomy":"product_cat","embeddable":true,"href":"https:\/\/claudianoriegabernstein.com\/es\/wp-json\/wp\/v2\/product_cat?post=2283"},{"taxonomy":"product_tag","embeddable":true,"href":"https:\/\/claudianoriegabernstein.com\/es\/wp-json\/wp\/v2\/product_tag?post=2283"}],"curies":[{"name":"wp","href":"https:\/\/api.w.org\/{rel}","templated":true}]}}