{"id":2282,"date":"2023-11-15T22:52:25","date_gmt":"2023-11-15T22:52:25","guid":{"rendered":"https:\/\/213-255-247-70.cloud-xip.com\/?post_type=product&#038;p=2282"},"modified":"2024-01-06T10:35:10","modified_gmt":"2024-01-06T18:35:10","slug":"abundance-journal-for-men","status":"publish","type":"product","link":"https:\/\/claudianoriegabernstein.com\/es\/product\/abundance-journal-for-men\/","title":{"rendered":"Diario de la abundancia para hombres"},"content":{"rendered":"<div class=\"elementor-element elementor-element-4dc27e1 elementor-widget elementor-widget-heading\" data-id=\"4dc27e1\" data-element_type=\"widget\" data-widget_type=\"heading.default\">\n<div class=\"elementor-widget-container\">\n<h2 class=\"elementor-heading-title elementor-size-default\">El diario de la abundancia para hombres<\/h2>\n<\/div>\n<\/div>\n<div class=\"elementor-element elementor-element-37f4d71 elementor-widget elementor-widget-text-editor\" data-id=\"37f4d71\" data-element_type=\"widget\" data-widget_type=\"text-editor.default\">\n<div class=\"elementor-widget-container\">\n<div class=\"elementor-text-editor elementor-clearfix\">\n<p>\u00bfQu\u00e9 ha sido lo mejor de tu d\u00eda? Este diario para hombres te ayudar\u00e1 a centrarte en lo mejor de cada d\u00eda. Te ayudar\u00e1 a dar los pasos que necesitas para alcanzar tus metas y tu visi\u00f3n, un d\u00eda a la vez, adem\u00e1s puedes regresar d\u00edas o semanas atr\u00e1s y ver tus anotaciones y recordar \"lo mejor de hoy fue\" especialmente en esos d\u00edas no tan buenos. Y \u00a1s\u00ed! Todos tenemos esos d\u00edas, pero t\u00fa eres poderoso e incluso en esos d\u00edas sigues siendo poderoso.<\/p>\n<\/div>\n<\/div>\n<\/div>","protected":false},"excerpt":{"rendered":"<div class=\"elementor-element elementor-element-4dc27e1 elementor-widget elementor-widget-heading\" data-id=\"4dc27e1\" data-element_type=\"widget\" data-widget_type=\"heading.default\">\n<div class=\"elementor-widget-container\">\n<h2 class=\"elementor-heading-title elementor-size-default\">El diario de la abundancia para hombres<\/h2>\n<\/div>\n<\/div>\n<div class=\"elementor-element elementor-element-37f4d71 elementor-widget elementor-widget-text-editor\" data-id=\"37f4d71\" data-element_type=\"widget\" data-widget_type=\"text-editor.default\">\n<div class=\"elementor-widget-container\">\n<div class=\"elementor-text-editor elementor-clearfix\">\n<p>\u00bfQu\u00e9 ha sido lo mejor de tu d\u00eda? Este diario para hombres te ayudar\u00e1 a centrarte en lo mejor de cada d\u00eda. Te ayudar\u00e1 a dar los pasos que necesitas para alcanzar tus metas y tu visi\u00f3n, un d\u00eda a la vez, adem\u00e1s puedes regresar d\u00edas o semanas atr\u00e1s y ver tus anotaciones y recordar \"lo mejor de hoy fue\" especialmente en esos d\u00edas no tan buenos. Y \u00a1s\u00ed! Todos tenemos esos d\u00edas, pero t\u00fa eres poderoso e incluso en esos d\u00edas sigues siendo poderoso.<\/p>\n<\/div>\n<\/div>\n<\/div>","protected":false},"featured_media":2662,"comment_status":"closed","ping_status":"closed","template":"","meta":{"_acf_changed":false,"nf_dc_page":"","_eb_attr":"","om_disable_all_campaigns":false,"_monsterinsights_skip_tracking":false,"_monsterinsights_sitenote_active":false,"_monsterinsights_sitenote_note":"","_monsterinsights_sitenote_category":0,"_uf_show_specific_survey":0,"_uf_disable_surveys":false},"product_brand":[],"product_cat":[25,57],"product_tag":[],"class_list":{"0":"post-2282","1":"product","2":"type-product","3":"status-publish","4":"has-post-thumbnail","6":"product_cat-books","7":"product_cat-merchandise","8":"product_shipping_class-book","10":"first","11":"instock","12":"taxable","13":"shipping-taxable","14":"purchasable","15":"product-type-simple"},"acf":[],"aioseo_notices":[],"_links":{"self":[{"href":"https:\/\/claudianoriegabernstein.com\/es\/wp-json\/wp\/v2\/product\/2282","targetHints":{"allow":["GET"]}}],"collection":[{"href":"https:\/\/claudianoriegabernstein.com\/es\/wp-json\/wp\/v2\/product"}],"about":[{"href":"https:\/\/claudianoriegabernstein.com\/es\/wp-json\/wp\/v2\/types\/product"}],"replies":[{"embeddable":true,"href":"https:\/\/claudianoriegabernstein.com\/es\/wp-json\/wp\/v2\/comments?post=2282"}],"wp:featuredmedia":[{"embeddable":true,"href":"https:\/\/claudianoriegabernstein.com\/es\/wp-json\/wp\/v2\/media\/2662"}],"wp:attachment":[{"href":"https:\/\/claudianoriegabernstein.com\/es\/wp-json\/wp\/v2\/media?parent=2282"}],"wp:term":[{"taxonomy":"product_brand","embeddable":true,"href":"https:\/\/claudianoriegabernstein.com\/es\/wp-json\/wp\/v2\/product_brand?post=2282"},{"taxonomy":"product_cat","embeddable":true,"href":"https:\/\/claudianoriegabernstein.com\/es\/wp-json\/wp\/v2\/product_cat?post=2282"},{"taxonomy":"product_tag","embeddable":true,"href":"https:\/\/claudianoriegabernstein.com\/es\/wp-json\/wp\/v2\/product_tag?post=2282"}],"curies":[{"name":"wp","href":"https:\/\/api.w.org\/{rel}","templated":true}]}}