{"id":2277,"date":"2023-11-15T22:52:24","date_gmt":"2023-11-15T22:52:24","guid":{"rendered":"https:\/\/213-255-247-70.cloud-xip.com\/?post_type=product&#038;p=2277"},"modified":"2024-01-09T13:34:08","modified_gmt":"2024-01-09T21:34:08","slug":"gratitude-journal","status":"publish","type":"product","link":"https:\/\/claudianoriegabernstein.com\/es\/product\/gratitude-journal\/","title":{"rendered":"Diario de gratitud"},"content":{"rendered":"<p><strong>Practicar la gratitud nunca ha sido tan sencillo y divertido, con nuestro diario<\/strong><\/p>\n<p>Este Diario es una gu\u00eda para cultivar una actitud de gratitud para ni\u00f1os a partir de 5 a\u00f1os. Es un diario de autoexploraci\u00f3n dise\u00f1ado para centrarse en dar las gracias por lo que tenemos. Los ni\u00f1os que practican la gratitud son agradecidos y tienen emociones m\u00e1s positivas, expresan m\u00e1s compasi\u00f3n y amabilidad y tienen sistemas inmunol\u00f3gicos m\u00e1s fuertes. Este diario est\u00e1 lleno de afirmaciones diarias, historias cortas que disfrutar\u00e1s compartiendo con tus hijos y lecciones para practicar. P\u00e1ginas diarias con un dise\u00f1o sencillo que facilitan el uso del diario y lo convierten en un h\u00e1bito diario.<br \/>\nHazte con un ejemplar para un amigo y compartid juntos el viaje Es un regalo estupendo para estas fiestas.<\/p>","protected":false},"excerpt":{"rendered":"<p><strong>Practicar la gratitud nunca ha sido tan sencillo y divertido, con nuestro diario<\/strong><\/p>\n<p>Este Diario es una gu\u00eda para cultivar una actitud de gratitud para ni\u00f1os a partir de 5 a\u00f1os. Es un diario de autoexploraci\u00f3n dise\u00f1ado para centrarse en dar las gracias por lo que tenemos. Los ni\u00f1os que practican la gratitud son agradecidos y tienen emociones m\u00e1s positivas, expresan m\u00e1s compasi\u00f3n y amabilidad y tienen sistemas inmunol\u00f3gicos m\u00e1s fuertes. Este diario est\u00e1 lleno de afirmaciones diarias, historias cortas que disfrutar\u00e1s compartiendo con tus hijos y lecciones para practicar. P\u00e1ginas diarias con un dise\u00f1o sencillo que facilitan el uso del diario y lo convierten en un h\u00e1bito diario.<br \/>\nHazte con un ejemplar para un amigo y compartid juntos el viaje Es un regalo estupendo para estas fiestas.<\/p>","protected":false},"featured_media":2657,"comment_status":"closed","ping_status":"closed","template":"","meta":{"_acf_changed":false,"nf_dc_page":"","_eb_attr":"","om_disable_all_campaigns":false,"_monsterinsights_skip_tracking":false,"_monsterinsights_sitenote_active":false,"_monsterinsights_sitenote_note":"","_monsterinsights_sitenote_category":0,"_uf_show_specific_survey":0,"_uf_disable_surveys":false},"product_brand":[],"product_cat":[25,57],"product_tag":[],"class_list":{"0":"post-2277","1":"product","2":"type-product","3":"status-publish","4":"has-post-thumbnail","6":"product_cat-books","7":"product_cat-merchandise","8":"product_shipping_class-book","10":"first","11":"instock","12":"taxable","13":"shipping-taxable","14":"purchasable","15":"product-type-simple"},"acf":[],"aioseo_notices":[],"_links":{"self":[{"href":"https:\/\/claudianoriegabernstein.com\/es\/wp-json\/wp\/v2\/product\/2277","targetHints":{"allow":["GET"]}}],"collection":[{"href":"https:\/\/claudianoriegabernstein.com\/es\/wp-json\/wp\/v2\/product"}],"about":[{"href":"https:\/\/claudianoriegabernstein.com\/es\/wp-json\/wp\/v2\/types\/product"}],"replies":[{"embeddable":true,"href":"https:\/\/claudianoriegabernstein.com\/es\/wp-json\/wp\/v2\/comments?post=2277"}],"wp:featuredmedia":[{"embeddable":true,"href":"https:\/\/claudianoriegabernstein.com\/es\/wp-json\/wp\/v2\/media\/2657"}],"wp:attachment":[{"href":"https:\/\/claudianoriegabernstein.com\/es\/wp-json\/wp\/v2\/media?parent=2277"}],"wp:term":[{"taxonomy":"product_brand","embeddable":true,"href":"https:\/\/claudianoriegabernstein.com\/es\/wp-json\/wp\/v2\/product_brand?post=2277"},{"taxonomy":"product_cat","embeddable":true,"href":"https:\/\/claudianoriegabernstein.com\/es\/wp-json\/wp\/v2\/product_cat?post=2277"},{"taxonomy":"product_tag","embeddable":true,"href":"https:\/\/claudianoriegabernstein.com\/es\/wp-json\/wp\/v2\/product_tag?post=2277"}],"curies":[{"name":"wp","href":"https:\/\/api.w.org\/{rel}","templated":true}]}}